{"id":297,"date":"2020-10-29T22:48:58","date_gmt":"2020-10-29T22:48:58","guid":{"rendered":"https:\/\/fafoundry.com\/?page_id=297"},"modified":"2025-11-26T23:19:33","modified_gmt":"2025-11-26T23:19:33","slug":"technology","status":"publish","type":"page","link":"https:\/\/fafoundry.com\/es\/technology\/","title":{"rendered":"Technology"},"content":{"rendered":"<div data-elementor-type=\"wp-page\" data-elementor-id=\"297\" class=\"elementor elementor-297\" data-elementor-post-type=\"page\">\n\t\t\t\t\t\t<section class=\"elementor-section elementor-top-section elementor-element elementor-element-2b5a0756 elementor-section-height-min-height elementor-section-items-stretch elementor-section-content-middle elementor-section-boxed elementor-section-height-default elementor-invisible\" data-id=\"2b5a0756\" data-element_type=\"section\" data-e-type=\"section\" data-settings=\"{&quot;background_background&quot;:&quot;classic&quot;,&quot;animation&quot;:&quot;fadeIn&quot;}\">\n\t\t\t\t\t\t\t<div class=\"elementor-background-overlay\"><\/div>\n\t\t\t\t\t\t\t<div class=\"elementor-container elementor-column-gap-default\">\n\t\t\t\t\t<div class=\"elementor-column elementor-col-100 elementor-top-column elementor-element elementor-element-32ad5bf0\" data-id=\"32ad5bf0\" data-element_type=\"column\" data-e-type=\"column\">\n\t\t\t<div class=\"elementor-widget-wrap elementor-element-populated\">\n\t\t\t\t\t\t<div class=\"elementor-element elementor-element-25773d44 elementor-widget elementor-widget-heading\" data-id=\"25773d44\" data-element_type=\"widget\" data-e-type=\"widget\" data-widget_type=\"heading.default\">\n\t\t\t\t<div class=\"elementor-widget-container\">\n\t\t\t\t\t<h2 class=\"elementor-heading-title elementor-size-default\">Equipo y Tecnolog\u00eda<\/h2>\t\t\t\t<\/div>\n\t\t\t\t<\/div>\n\t\t\t\t\t<\/div>\n\t\t<\/div>\n\t\t\t\t\t<\/div>\n\t\t<\/section>\n\t\t\t\t<section class=\"elementor-section elementor-top-section elementor-element elementor-element-5f0c04b6 elementor-section-boxed elementor-section-height-default elementor-section-height-default elementor-invisible\" data-id=\"5f0c04b6\" data-element_type=\"section\" data-e-type=\"section\" data-settings=\"{&quot;background_background&quot;:&quot;classic&quot;,&quot;animation&quot;:&quot;fadeIn&quot;}\">\n\t\t\t\t\t\t\t<div class=\"elementor-background-overlay\"><\/div>\n\t\t\t\t\t\t\t<div class=\"elementor-container elementor-column-gap-default\">\n\t\t\t\t\t<div class=\"elementor-column elementor-col-50 elementor-top-column elementor-element elementor-element-58f284f4 elementor-invisible\" data-id=\"58f284f4\" data-element_type=\"column\" data-e-type=\"column\" data-settings=\"{&quot;animation&quot;:&quot;fadeInLeft&quot;,&quot;animation_delay&quot;:500}\">\n\t\t\t<div class=\"elementor-widget-wrap elementor-element-populated\">\n\t\t\t\t\t\t<div class=\"elementor-element elementor-element-734aa8ac elementor-widget elementor-widget-heading\" data-id=\"734aa8ac\" data-element_type=\"widget\" data-e-type=\"widget\" data-widget_type=\"heading.default\">\n\t\t\t\t<div class=\"elementor-widget-container\">\n\t\t\t\t\t<h3 class=\"elementor-heading-title elementor-size-default\"><span style=\"color:#45BF45\">Tecnolog\u00eda y Arte,<\/span> para mejores procesos<\/h3>\t\t\t\t<\/div>\n\t\t\t\t<\/div>\n\t\t\t\t<div class=\"elementor-element elementor-element-46b46d0c elementor-widget elementor-widget-text-editor\" data-id=\"46b46d0c\" data-element_type=\"widget\" data-e-type=\"widget\" data-widget_type=\"text-editor.default\">\n\t\t\t\t<div class=\"elementor-widget-container\">\n\t\t\t\t\t\t\t\t\t<p><span style=\"font-weight: 400;\">Los mejores procesos y productos en el casting surgen del correcto uso de la ciencia y un adecuado empleo de la tecnolog\u00eda, ejecutados bajo el arte de la fundici\u00f3n.<\/span><\/p><p><span style=\"font-weight: 400;\">Si bien los principios de la fundici\u00f3n de metales son ancestrales, en FA Foundry somos l\u00edderes en tecnolog\u00eda, procesos para fundici\u00f3n y cuidado del medio ambiente.<\/span><\/p><p><span style=\"font-weight: 400;\">Nuestros equipos permiten fabricar hasta 56 toneladas diarias, para piezas de 220 hasta 2500 lb, con la capacidad apropiada para maquinarlas.<\/span><\/p>\t\t\t\t\t\t\t\t<\/div>\n\t\t\t\t<\/div>\n\t\t\t\t<div class=\"elementor-element elementor-element-7a70c21 elementor-widget elementor-widget-image\" data-id=\"7a70c21\" data-element_type=\"widget\" data-e-type=\"widget\" data-widget_type=\"image.default\">\n\t\t\t\t<div class=\"elementor-widget-container\">\n\t\t\t\t\t\t\t\t\t\t\t\t\t\t\t<img fetchpriority=\"high\" decoding=\"async\" width=\"800\" height=\"531\" src=\"https:\/\/fafoundry.com\/wp-content\/uploads\/2020\/10\/Cold-Core-Box-Machine-foundry-casting-1024x680.jpg\" class=\"attachment-large size-large wp-image-364\" alt=\"\" srcset=\"https:\/\/fafoundry.com\/wp-content\/uploads\/2020\/10\/Cold-Core-Box-Machine-foundry-casting-1024x680.jpg 1024w, https:\/\/fafoundry.com\/wp-content\/uploads\/2020\/10\/Cold-Core-Box-Machine-foundry-casting-300x199.jpg 300w, https:\/\/fafoundry.com\/wp-content\/uploads\/2020\/10\/Cold-Core-Box-Machine-foundry-casting-768x510.jpg 768w, https:\/\/fafoundry.com\/wp-content\/uploads\/2020\/10\/Cold-Core-Box-Machine-foundry-casting-1536x1020.jpg 1536w, https:\/\/fafoundry.com\/wp-content\/uploads\/2020\/10\/Cold-Core-Box-Machine-foundry-casting-2048x1360.jpg 2048w\" sizes=\"(max-width: 800px) 100vw, 800px\" \/>\t\t\t\t\t\t\t\t\t\t\t\t\t\t\t<\/div>\n\t\t\t\t<\/div>\n\t\t\t\t\t<\/div>\n\t\t<\/div>\n\t\t\t\t<div class=\"elementor-column elementor-col-50 elementor-top-column elementor-element elementor-element-2ef662fe\" data-id=\"2ef662fe\" data-element_type=\"column\" data-e-type=\"column\">\n\t\t\t<div class=\"elementor-widget-wrap elementor-element-populated\">\n\t\t\t\t\t\t<section class=\"elementor-section elementor-inner-section elementor-element elementor-element-2d4a47b1 elementor-section-boxed elementor-section-height-default elementor-section-height-default\" data-id=\"2d4a47b1\" data-element_type=\"section\" data-e-type=\"section\">\n\t\t\t\t\t\t<div class=\"elementor-container elementor-column-gap-default\">\n\t\t\t\t\t<div class=\"elementor-column elementor-col-50 elementor-inner-column elementor-element elementor-element-37139ca4 elementor-invisible\" data-id=\"37139ca4\" data-element_type=\"column\" data-e-type=\"column\" data-settings=\"{&quot;background_background&quot;:&quot;classic&quot;,&quot;animation&quot;:&quot;fadeInUp&quot;,&quot;animation_delay&quot;:750}\">\n\t\t\t<div class=\"elementor-widget-wrap elementor-element-populated\">\n\t\t\t\t\t\t<div class=\"elementor-element elementor-element-172e151 elementor-widget elementor-widget-image\" data-id=\"172e151\" data-element_type=\"widget\" data-e-type=\"widget\" data-widget_type=\"image.default\">\n\t\t\t\t<div class=\"elementor-widget-container\">\n\t\t\t\t\t\t\t\t\t\t\t\t\t\t\t<img decoding=\"async\" width=\"800\" height=\"370\" src=\"https:\/\/fafoundry.com\/wp-content\/uploads\/2020\/11\/Panorama_2-1024x473.jpg\" class=\"attachment-large size-large wp-image-502\" alt=\"\" srcset=\"https:\/\/fafoundry.com\/wp-content\/uploads\/2020\/11\/Panorama_2-1024x473.jpg 1024w, https:\/\/fafoundry.com\/wp-content\/uploads\/2020\/11\/Panorama_2-300x138.jpg 300w, https:\/\/fafoundry.com\/wp-content\/uploads\/2020\/11\/Panorama_2-768x354.jpg 768w, https:\/\/fafoundry.com\/wp-content\/uploads\/2020\/11\/Panorama_2.jpg 1248w\" sizes=\"(max-width: 800px) 100vw, 800px\" \/>\t\t\t\t\t\t\t\t\t\t\t\t\t\t\t<\/div>\n\t\t\t\t<\/div>\n\t\t\t\t<div class=\"elementor-element elementor-element-7c4b3b95 elementor-widget elementor-widget-icon-box\" data-id=\"7c4b3b95\" data-element_type=\"widget\" data-e-type=\"widget\" data-widget_type=\"icon-box.default\">\n\t\t\t\t<div class=\"elementor-widget-container\">\n\t\t\t\t\t\t\t<div class=\"elementor-icon-box-wrapper\">\n\n\t\t\t\n\t\t\t\t\t\t<div class=\"elementor-icon-box-content\">\n\n\t\t\t\t\t\t\t\t\t<h4 class=\"elementor-icon-box-title\">\n\t\t\t\t\t\t<span  >\n\t\t\t\t\t\t\tNuestros equipos para fundici\u00f3n\t\t\t\t\t\t<\/span>\n\t\t\t\t\t<\/h4>\n\t\t\t\t\n\t\t\t\t\n\t\t\t<\/div>\n\t\t\t\n\t\t<\/div>\n\t\t\t\t\t\t<\/div>\n\t\t\t\t<\/div>\n\t\t\t\t<div class=\"elementor-element elementor-element-971c845 elementor-icon-list--layout-traditional elementor-list-item-link-full_width elementor-widget elementor-widget-icon-list\" data-id=\"971c845\" data-element_type=\"widget\" data-e-type=\"widget\" data-widget_type=\"icon-list.default\">\n\t\t\t\t<div class=\"elementor-widget-container\">\n\t\t\t\t\t\t\t<ul class=\"elementor-icon-list-items\">\n\t\t\t\t\t\t\t<li class=\"elementor-icon-list-item\">\n\t\t\t\t\t\t\t\t\t\t\t<span class=\"elementor-icon-list-icon\">\n\t\t\t\t\t\t\t<i aria-hidden=\"true\" class=\"fas fa-check\"><\/i>\t\t\t\t\t\t<\/span>\n\t\t\t\t\t\t\t\t\t\t<span class=\"elementor-icon-list-text\">Tres hornos de inducci\u00f3n con capacidad de fusi\u00f3n de 1200 toneladas mensuales.<\/span>\n\t\t\t\t\t\t\t\t\t<\/li>\n\t\t\t\t\t\t\t\t<li class=\"elementor-icon-list-item\">\n\t\t\t\t\t\t\t\t\t\t\t<span class=\"elementor-icon-list-icon\">\n\t\t\t\t\t\t\t<i aria-hidden=\"true\" class=\"fas fa-check\"><\/i>\t\t\t\t\t\t<\/span>\n\t\t\t\t\t\t\t\t\t\t<span class=\"elementor-icon-list-text\">Dos l\u00edneas de moldeo autofraguante Kloster.<\/span>\n\t\t\t\t\t\t\t\t\t<\/li>\n\t\t\t\t\t\t\t\t<li class=\"elementor-icon-list-item\">\n\t\t\t\t\t\t\t\t\t\t\t<span class=\"elementor-icon-list-icon\">\n\t\t\t\t\t\t\t<i aria-hidden=\"true\" class=\"fas fa-check\"><\/i>\t\t\t\t\t\t<\/span>\n\t\t\t\t\t\t\t\t\t\t<span class=\"elementor-icon-list-text\">Fabricaci\u00f3n de corazones con caja fr\u00eda con equipo autom\u00e1tico Laempe con capacidad para 40 litros.<\/span>\n\t\t\t\t\t\t\t\t\t<\/li>\n\t\t\t\t\t\t\t\t<li class=\"elementor-icon-list-item\">\n\t\t\t\t\t\t\t\t\t\t\t<span class=\"elementor-icon-list-icon\">\n\t\t\t\t\t\t\t<i aria-hidden=\"true\" class=\"fas fa-check\"><\/i>\t\t\t\t\t\t<\/span>\n\t\t\t\t\t\t\t\t\t\t<span class=\"elementor-icon-list-text\">Sistema de recuperaci\u00f3n t\u00e9rmico y mec\u00e1nico para la arena de moldeo.<\/span>\n\t\t\t\t\t\t\t\t\t<\/li>\n\t\t\t\t\t\t\t\t<li class=\"elementor-icon-list-item\">\n\t\t\t\t\t\t\t\t\t\t\t<span class=\"elementor-icon-list-icon\">\n\t\t\t\t\t\t\t<i aria-hidden=\"true\" class=\"fas fa-check\"><\/i>\t\t\t\t\t\t<\/span>\n\t\t\t\t\t\t\t\t\t\t<span class=\"elementor-icon-list-text\">M\u00e1quinas de limpieza por granalla de \u00e1rbol y mesa de 96\u201d.<\/span>\n\t\t\t\t\t\t\t\t\t<\/li>\n\t\t\t\t\t\t<\/ul>\n\t\t\t\t\t\t<\/div>\n\t\t\t\t<\/div>\n\t\t\t\t\t<\/div>\n\t\t<\/div>\n\t\t\t\t<div class=\"elementor-column elementor-col-50 elementor-inner-column elementor-element elementor-element-48c06c29 elementor-invisible\" data-id=\"48c06c29\" data-element_type=\"column\" data-e-type=\"column\" data-settings=\"{&quot;background_background&quot;:&quot;classic&quot;,&quot;animation&quot;:&quot;fadeInUp&quot;,&quot;animation_delay&quot;:1000}\">\n\t\t\t<div class=\"elementor-widget-wrap elementor-element-populated\">\n\t\t\t\t\t\t<div class=\"elementor-element elementor-element-07977c0 elementor-widget elementor-widget-image\" data-id=\"07977c0\" data-element_type=\"widget\" data-e-type=\"widget\" data-widget_type=\"image.default\">\n\t\t\t\t<div class=\"elementor-widget-container\">\n\t\t\t\t\t\t\t\t\t\t\t\t\t\t\t<img decoding=\"async\" width=\"800\" height=\"534\" src=\"https:\/\/fafoundry.com\/wp-content\/uploads\/2020\/10\/steel-factory-metallurgical-or-metalworking-mill-Q6N4FS2-1-1024x684.jpg\" class=\"attachment-large size-large wp-image-165\" alt=\"\" srcset=\"https:\/\/fafoundry.com\/wp-content\/uploads\/2020\/10\/steel-factory-metallurgical-or-metalworking-mill-Q6N4FS2-1-1024x684.jpg 1024w, https:\/\/fafoundry.com\/wp-content\/uploads\/2020\/10\/steel-factory-metallurgical-or-metalworking-mill-Q6N4FS2-1-300x200.jpg 300w, https:\/\/fafoundry.com\/wp-content\/uploads\/2020\/10\/steel-factory-metallurgical-or-metalworking-mill-Q6N4FS2-1-768x513.jpg 768w, https:\/\/fafoundry.com\/wp-content\/uploads\/2020\/10\/steel-factory-metallurgical-or-metalworking-mill-Q6N4FS2-1-1536x1025.jpg 1536w, https:\/\/fafoundry.com\/wp-content\/uploads\/2020\/10\/steel-factory-metallurgical-or-metalworking-mill-Q6N4FS2-1-2048x1367.jpg 2048w\" sizes=\"(max-width: 800px) 100vw, 800px\" \/>\t\t\t\t\t\t\t\t\t\t\t\t\t\t\t<\/div>\n\t\t\t\t<\/div>\n\t\t\t\t<div class=\"elementor-element elementor-element-6fba3d0b elementor-widget elementor-widget-icon-box\" data-id=\"6fba3d0b\" data-element_type=\"widget\" data-e-type=\"widget\" data-widget_type=\"icon-box.default\">\n\t\t\t\t<div class=\"elementor-widget-container\">\n\t\t\t\t\t\t\t<div class=\"elementor-icon-box-wrapper\">\n\n\t\t\t\n\t\t\t\t\t\t<div class=\"elementor-icon-box-content\">\n\n\t\t\t\t\t\t\t\t\t<h4 class=\"elementor-icon-box-title\">\n\t\t\t\t\t\t<span  >\n\t\t\t\t\t\t\tLos equipos para maquinado\t\t\t\t\t\t<\/span>\n\t\t\t\t\t<\/h4>\n\t\t\t\t\n\t\t\t\t\t\t\t\t\t<p class=\"elementor-icon-box-description\">\n\t\t\t\t\t\tKanoff, nuestra empresa hermana, cuenta con equipos de \u00faltima generaci\u00f3n para cumplir con los est\u00e1ndares m\u00e1s rigurosos de la industria.<br \/><br \/>\n\nNos enfocamos a piezas de tama\u00f1o semejante a los castings de FA Foundry.\n\t\t\t\t\t<\/p>\n\t\t\t\t\n\t\t\t<\/div>\n\t\t\t\n\t\t<\/div>\n\t\t\t\t\t\t<\/div>\n\t\t\t\t<\/div>\n\t\t\t\t<div class=\"elementor-element elementor-element-a9ad927 elementor-icon-list--layout-traditional elementor-list-item-link-full_width elementor-widget elementor-widget-icon-list\" data-id=\"a9ad927\" data-element_type=\"widget\" data-e-type=\"widget\" data-widget_type=\"icon-list.default\">\n\t\t\t\t<div class=\"elementor-widget-container\">\n\t\t\t\t\t\t\t<ul class=\"elementor-icon-list-items\">\n\t\t\t\t\t\t\t<li class=\"elementor-icon-list-item\">\n\t\t\t\t\t\t\t\t\t\t\t<span class=\"elementor-icon-list-icon\">\n\t\t\t\t\t\t\t<i aria-hidden=\"true\" class=\"fas fa-check\"><\/i>\t\t\t\t\t\t<\/span>\n\t\t\t\t\t\t\t\t\t\t<span class=\"elementor-icon-list-text\">3 tornos verticales<\/span>\n\t\t\t\t\t\t\t\t\t<\/li>\n\t\t\t\t\t\t\t\t<li class=\"elementor-icon-list-item\">\n\t\t\t\t\t\t\t\t\t\t\t<span class=\"elementor-icon-list-icon\">\n\t\t\t\t\t\t\t<i aria-hidden=\"true\" class=\"fas fa-check\"><\/i>\t\t\t\t\t\t<\/span>\n\t\t\t\t\t\t\t\t\t\t<span class=\"elementor-icon-list-text\">2 centros de maquinado verticales (CNC)<\/span>\n\t\t\t\t\t\t\t\t\t<\/li>\n\t\t\t\t\t\t\t\t<li class=\"elementor-icon-list-item\">\n\t\t\t\t\t\t\t\t\t\t\t<span class=\"elementor-icon-list-icon\">\n\t\t\t\t\t\t\t<i aria-hidden=\"true\" class=\"fas fa-check\"><\/i>\t\t\t\t\t\t<\/span>\n\t\t\t\t\t\t\t\t\t\t<span class=\"elementor-icon-list-text\">2 centros de maquinados horizontales (CNC)<\/span>\n\t\t\t\t\t\t\t\t\t<\/li>\n\t\t\t\t\t\t\t\t<li class=\"elementor-icon-list-item\">\n\t\t\t\t\t\t\t\t\t\t\t<span class=\"elementor-icon-list-icon\">\n\t\t\t\t\t\t\t<i aria-hidden=\"true\" class=\"fas fa-check\"><\/i>\t\t\t\t\t\t<\/span>\n\t\t\t\t\t\t\t\t\t\t<span class=\"elementor-icon-list-text\">1 horizontal boring machine<\/span>\n\t\t\t\t\t\t\t\t\t<\/li>\n\t\t\t\t\t\t<\/ul>\n\t\t\t\t\t\t<\/div>\n\t\t\t\t<\/div>\n\t\t\t\t<div class=\"elementor-element elementor-element-f0afa77 elementor-widget elementor-widget-text-editor\" data-id=\"f0afa77\" data-element_type=\"widget\" data-e-type=\"widget\" data-widget_type=\"text-editor.default\">\n\t\t\t\t<div class=\"elementor-widget-container\">\n\t\t\t\t\t\t\t\t\t<p>Asimismo, la verificaci\u00f3n del producto lo llevamos a cabo a trav\u00e9s de un equipo de medici\u00f3n CMM (Cordinate Measuring Machine).<\/p>\t\t\t\t\t\t\t\t<\/div>\n\t\t\t\t<\/div>\n\t\t\t\t\t<\/div>\n\t\t<\/div>\n\t\t\t\t\t<\/div>\n\t\t<\/section>\n\t\t\t\t\t<\/div>\n\t\t<\/div>\n\t\t\t\t\t<\/div>\n\t\t<\/section>\n\t\t\t\t<\/div>","protected":false},"excerpt":{"rendered":"<p>Technology and Equipment Art and Technology, for processes improvement The best casting processes and products are provided from the correct use of science and an adequate employment of technology, executed under the art of casting. While the principles of metal smelting are ancestral, in FA Foundry we lead in technology, foundry processes and environmental care. [&hellip;]<\/p>\n","protected":false},"author":1,"featured_media":0,"parent":0,"menu_order":0,"comment_status":"closed","ping_status":"closed","template":"","meta":{"_joinchat":[],"footnotes":""},"class_list":["post-297","page","type-page","status-publish","hentry"],"yoast_head":"<!-- This site is optimized with the Yoast SEO plugin v26.3 - https:\/\/yoast.com\/wordpress\/plugins\/seo\/ -->\n<title>Technology and Equipment | FA Foundry<\/title>\n<meta name=\"description\" content=\"Take advantage of our capabilities. Our foundry and machining equipment allows us to manufacture up to 56 daily tons of iron parts. See more.\" \/>\n<meta name=\"robots\" content=\"index, follow, max-snippet:-1, max-image-preview:large, max-video-preview:-1\" \/>\n<link rel=\"canonical\" href=\"https:\/\/fafoundry.com\/es\/technology\/\" \/>\n<meta property=\"og:locale\" content=\"es_MX\" \/>\n<meta property=\"og:type\" content=\"article\" \/>\n<meta property=\"og:title\" content=\"Technology and Equipment | FA Foundry\" \/>\n<meta property=\"og:description\" content=\"Take advantage of our capabilities. Our foundry and machining equipment allows us to manufacture up to 56 daily tons of iron parts. See more.\" \/>\n<meta property=\"og:url\" content=\"https:\/\/fafoundry.com\/es\/technology\/\" \/>\n<meta property=\"og:site_name\" content=\"FA Foundry\" \/>\n<meta property=\"article:modified_time\" content=\"2025-11-26T23:19:33+00:00\" \/>\n<meta property=\"og:image\" content=\"https:\/\/fafoundry.com\/wp-content\/uploads\/2020\/10\/Cold-Core-Box-Machine-foundry-casting-1024x680.jpg\" \/>\n<meta name=\"twitter:card\" content=\"summary_large_image\" \/>\n<meta name=\"twitter:label1\" content=\"Tiempo de lectura\" \/>\n\t<meta name=\"twitter:data1\" content=\"2 minutos\" \/>\n<script type=\"application\/ld+json\" class=\"yoast-schema-graph\">{\"@context\":\"https:\/\/schema.org\",\"@graph\":[{\"@type\":\"WebPage\",\"@id\":\"https:\/\/fafoundry.com\/technology\/\",\"url\":\"https:\/\/fafoundry.com\/technology\/\",\"name\":\"Technology and Equipment | FA Foundry\",\"isPartOf\":{\"@id\":\"https:\/\/fafoundry.com\/#website\"},\"primaryImageOfPage\":{\"@id\":\"https:\/\/fafoundry.com\/technology\/#primaryimage\"},\"image\":{\"@id\":\"https:\/\/fafoundry.com\/technology\/#primaryimage\"},\"thumbnailUrl\":\"https:\/\/fafoundry.com\/wp-content\/uploads\/2020\/10\/Cold-Core-Box-Machine-foundry-casting-1024x680.jpg\",\"datePublished\":\"2020-10-29T22:48:58+00:00\",\"dateModified\":\"2025-11-26T23:19:33+00:00\",\"description\":\"Take advantage of our capabilities. Our foundry and machining equipment allows us to manufacture up to 56 daily tons of iron parts. See more.\",\"breadcrumb\":{\"@id\":\"https:\/\/fafoundry.com\/technology\/#breadcrumb\"},\"inLanguage\":\"es\",\"potentialAction\":[{\"@type\":\"ReadAction\",\"target\":[\"https:\/\/fafoundry.com\/technology\/\"]}]},{\"@type\":\"ImageObject\",\"inLanguage\":\"es\",\"@id\":\"https:\/\/fafoundry.com\/technology\/#primaryimage\",\"url\":\"https:\/\/fafoundry.com\/wp-content\/uploads\/2020\/10\/Cold-Core-Box-Machine-foundry-casting-1024x680.jpg\",\"contentUrl\":\"https:\/\/fafoundry.com\/wp-content\/uploads\/2020\/10\/Cold-Core-Box-Machine-foundry-casting-1024x680.jpg\"},{\"@type\":\"BreadcrumbList\",\"@id\":\"https:\/\/fafoundry.com\/technology\/#breadcrumb\",\"itemListElement\":[{\"@type\":\"ListItem\",\"position\":1,\"name\":\"Inicio\",\"item\":\"https:\/\/fafoundry.com\/\"},{\"@type\":\"ListItem\",\"position\":2,\"name\":\"Technology\"}]},{\"@type\":\"WebSite\",\"@id\":\"https:\/\/fafoundry.com\/#website\",\"url\":\"https:\/\/fafoundry.com\/\",\"name\":\"FA Foundry\",\"description\":\"Iron Foundry &amp; Machined Castings\",\"publisher\":{\"@id\":\"https:\/\/fafoundry.com\/#organization\"},\"potentialAction\":[{\"@type\":\"SearchAction\",\"target\":{\"@type\":\"EntryPoint\",\"urlTemplate\":\"https:\/\/fafoundry.com\/?s={search_term_string}\"},\"query-input\":{\"@type\":\"PropertyValueSpecification\",\"valueRequired\":true,\"valueName\":\"search_term_string\"}}],\"inLanguage\":\"es\"},{\"@type\":\"Organization\",\"@id\":\"https:\/\/fafoundry.com\/#organization\",\"name\":\"FA Foundry\",\"url\":\"https:\/\/fafoundry.com\/\",\"logo\":{\"@type\":\"ImageObject\",\"inLanguage\":\"es\",\"@id\":\"https:\/\/fafoundry.com\/#\/schema\/logo\/image\/\",\"url\":\"https:\/\/fafoundry.com\/wp-content\/uploads\/2024\/01\/Fafoundry-Logo-B-C-scaled.webp\",\"contentUrl\":\"https:\/\/fafoundry.com\/wp-content\/uploads\/2024\/01\/Fafoundry-Logo-B-C-scaled.webp\",\"width\":2560,\"height\":530,\"caption\":\"FA Foundry\"},\"image\":{\"@id\":\"https:\/\/fafoundry.com\/#\/schema\/logo\/image\/\"}}]}<\/script>\n<!-- \/ Yoast SEO plugin. -->","yoast_head_json":{"title":"Technology and Equipment | FA Foundry","description":"Take advantage of our capabilities. Our foundry and machining equipment allows us to manufacture up to 56 daily tons of iron parts. See more.","robots":{"index":"index","follow":"follow","max-snippet":"max-snippet:-1","max-image-preview":"max-image-preview:large","max-video-preview":"max-video-preview:-1"},"canonical":"https:\/\/fafoundry.com\/es\/technology\/","og_locale":"es_MX","og_type":"article","og_title":"Technology and Equipment | FA Foundry","og_description":"Take advantage of our capabilities. Our foundry and machining equipment allows us to manufacture up to 56 daily tons of iron parts. See more.","og_url":"https:\/\/fafoundry.com\/es\/technology\/","og_site_name":"FA Foundry","article_modified_time":"2025-11-26T23:19:33+00:00","og_image":[{"url":"https:\/\/fafoundry.com\/wp-content\/uploads\/2020\/10\/Cold-Core-Box-Machine-foundry-casting-1024x680.jpg","type":"","width":"","height":""}],"twitter_card":"summary_large_image","twitter_misc":{"Tiempo de lectura":"2 minutos"},"schema":{"@context":"https:\/\/schema.org","@graph":[{"@type":"WebPage","@id":"https:\/\/fafoundry.com\/technology\/","url":"https:\/\/fafoundry.com\/technology\/","name":"Technology and Equipment | FA Foundry","isPartOf":{"@id":"https:\/\/fafoundry.com\/#website"},"primaryImageOfPage":{"@id":"https:\/\/fafoundry.com\/technology\/#primaryimage"},"image":{"@id":"https:\/\/fafoundry.com\/technology\/#primaryimage"},"thumbnailUrl":"https:\/\/fafoundry.com\/wp-content\/uploads\/2020\/10\/Cold-Core-Box-Machine-foundry-casting-1024x680.jpg","datePublished":"2020-10-29T22:48:58+00:00","dateModified":"2025-11-26T23:19:33+00:00","description":"Take advantage of our capabilities. Our foundry and machining equipment allows us to manufacture up to 56 daily tons of iron parts. See more.","breadcrumb":{"@id":"https:\/\/fafoundry.com\/technology\/#breadcrumb"},"inLanguage":"es","potentialAction":[{"@type":"ReadAction","target":["https:\/\/fafoundry.com\/technology\/"]}]},{"@type":"ImageObject","inLanguage":"es","@id":"https:\/\/fafoundry.com\/technology\/#primaryimage","url":"https:\/\/fafoundry.com\/wp-content\/uploads\/2020\/10\/Cold-Core-Box-Machine-foundry-casting-1024x680.jpg","contentUrl":"https:\/\/fafoundry.com\/wp-content\/uploads\/2020\/10\/Cold-Core-Box-Machine-foundry-casting-1024x680.jpg"},{"@type":"BreadcrumbList","@id":"https:\/\/fafoundry.com\/technology\/#breadcrumb","itemListElement":[{"@type":"ListItem","position":1,"name":"Inicio","item":"https:\/\/fafoundry.com\/"},{"@type":"ListItem","position":2,"name":"Technology"}]},{"@type":"WebSite","@id":"https:\/\/fafoundry.com\/#website","url":"https:\/\/fafoundry.com\/","name":"FA Foundry","description":"Iron Foundry &amp; Machined Castings","publisher":{"@id":"https:\/\/fafoundry.com\/#organization"},"potentialAction":[{"@type":"SearchAction","target":{"@type":"EntryPoint","urlTemplate":"https:\/\/fafoundry.com\/?s={search_term_string}"},"query-input":{"@type":"PropertyValueSpecification","valueRequired":true,"valueName":"search_term_string"}}],"inLanguage":"es"},{"@type":"Organization","@id":"https:\/\/fafoundry.com\/#organization","name":"FA Foundry","url":"https:\/\/fafoundry.com\/","logo":{"@type":"ImageObject","inLanguage":"es","@id":"https:\/\/fafoundry.com\/#\/schema\/logo\/image\/","url":"https:\/\/fafoundry.com\/wp-content\/uploads\/2024\/01\/Fafoundry-Logo-B-C-scaled.webp","contentUrl":"https:\/\/fafoundry.com\/wp-content\/uploads\/2024\/01\/Fafoundry-Logo-B-C-scaled.webp","width":2560,"height":530,"caption":"FA Foundry"},"image":{"@id":"https:\/\/fafoundry.com\/#\/schema\/logo\/image\/"}}]}},"_links":{"self":[{"href":"https:\/\/fafoundry.com\/es\/wp-json\/wp\/v2\/pages\/297","targetHints":{"allow":["GET"]}}],"collection":[{"href":"https:\/\/fafoundry.com\/es\/wp-json\/wp\/v2\/pages"}],"about":[{"href":"https:\/\/fafoundry.com\/es\/wp-json\/wp\/v2\/types\/page"}],"author":[{"embeddable":true,"href":"https:\/\/fafoundry.com\/es\/wp-json\/wp\/v2\/users\/1"}],"replies":[{"embeddable":true,"href":"https:\/\/fafoundry.com\/es\/wp-json\/wp\/v2\/comments?post=297"}],"version-history":[{"count":75,"href":"https:\/\/fafoundry.com\/es\/wp-json\/wp\/v2\/pages\/297\/revisions"}],"predecessor-version":[{"id":2782,"href":"https:\/\/fafoundry.com\/es\/wp-json\/wp\/v2\/pages\/297\/revisions\/2782"}],"wp:attachment":[{"href":"https:\/\/fafoundry.com\/es\/wp-json\/wp\/v2\/media?parent=297"}],"curies":[{"name":"wp","href":"https:\/\/api.w.org\/{rel}","templated":true}]}}