{"id":1043,"date":"2022-02-22T16:45:56","date_gmt":"2022-02-22T16:45:56","guid":{"rendered":"https:\/\/fafoundry.com\/?page_id=1043"},"modified":"2026-01-07T00:04:45","modified_gmt":"2026-01-07T00:04:45","slug":"proveedores","status":"publish","type":"page","link":"https:\/\/fafoundry.com\/es\/proveedores\/","title":{"rendered":"Proveedores"},"content":{"rendered":"\t\t<div data-elementor-type=\"wp-page\" data-elementor-id=\"1043\" class=\"elementor elementor-1043\" data-elementor-post-type=\"page\">\n\t\t\t\t\t\t<section class=\"elementor-section elementor-top-section elementor-element elementor-element-368f745a elementor-section-height-min-height elementor-section-items-stretch elementor-section-content-middle elementor-section-boxed elementor-section-height-default elementor-invisible\" data-id=\"368f745a\" data-element_type=\"section\" data-e-type=\"section\" data-settings=\"{&quot;background_background&quot;:&quot;classic&quot;,&quot;animation&quot;:&quot;fadeIn&quot;}\">\n\t\t\t\t\t\t\t<div class=\"elementor-background-overlay\"><\/div>\n\t\t\t\t\t\t\t<div class=\"elementor-container elementor-column-gap-default\">\n\t\t\t\t\t<div class=\"elementor-column elementor-col-100 elementor-top-column elementor-element elementor-element-1367d228\" data-id=\"1367d228\" data-element_type=\"column\" data-e-type=\"column\">\n\t\t\t<div class=\"elementor-widget-wrap elementor-element-populated\">\n\t\t\t\t\t\t<div class=\"elementor-element elementor-element-1e7a664a elementor-widget elementor-widget-heading\" data-id=\"1e7a664a\" data-element_type=\"widget\" data-e-type=\"widget\" data-widget_type=\"heading.default\">\n\t\t\t\t<div class=\"elementor-widget-container\">\n\t\t\t\t\t<h2 class=\"elementor-heading-title elementor-size-default\">Registro de Proveedores<\/h2>\t\t\t\t<\/div>\n\t\t\t\t<\/div>\n\t\t\t\t\t<\/div>\n\t\t<\/div>\n\t\t\t\t\t<\/div>\n\t\t<\/section>\n\t\t\t\t<section class=\"elementor-section elementor-top-section elementor-element elementor-element-1cf572aa elementor-section-boxed elementor-section-height-default elementor-section-height-default elementor-invisible\" data-id=\"1cf572aa\" data-element_type=\"section\" data-e-type=\"section\" data-settings=\"{&quot;animation&quot;:&quot;fadeIn&quot;}\">\n\t\t\t\t\t\t<div class=\"elementor-container elementor-column-gap-default\">\n\t\t\t\t\t<div class=\"elementor-column elementor-col-100 elementor-top-column elementor-element elementor-element-5e0f7dd6 elementor-invisible\" data-id=\"5e0f7dd6\" data-element_type=\"column\" data-e-type=\"column\" data-settings=\"{&quot;animation&quot;:&quot;fadeInUp&quot;}\">\n\t\t\t<div class=\"elementor-widget-wrap elementor-element-populated\">\n\t\t\t\t\t\t<div class=\"elementor-element elementor-element-004a246 elementor-widget elementor-widget-text-editor\" data-id=\"004a246\" data-element_type=\"widget\" data-e-type=\"widget\" data-widget_type=\"text-editor.default\">\n\t\t\t\t<div class=\"elementor-widget-container\">\n\t\t\t\t\t\t\t\t\t<p>En FA Foundry sabemos que nuestros proveedores son parte fundamental de la calidad de los productos\/servicios que ofrecemos a nuestros clientes. Por eso es importante contar con proveedores de excelencia.<\/p><p>Por favor complete este formulario si su empresa est\u00e1 interesada en ser parte de nuestro patr\u00f3n de proveedores. Nos comunicaremos con usted una vez que tengamos su informaci\u00f3n.<\/p>\t\t\t\t\t\t\t\t<\/div>\n\t\t\t\t<\/div>\n\t\t\t\t<div class=\"elementor-element elementor-element-49c7420 elementor-button-align-end elementor-widget elementor-widget-form\" data-id=\"49c7420\" data-element_type=\"widget\" data-e-type=\"widget\" data-settings=\"{&quot;step_next_label&quot;:&quot;Next&quot;,&quot;step_previous_label&quot;:&quot;Previous&quot;,&quot;step_type&quot;:&quot;number_text&quot;,&quot;step_icon_shape&quot;:&quot;circle&quot;}\" data-widget_type=\"form.default\">\n\t\t\t\t<div class=\"elementor-widget-container\">\n\t\t\t\t\t\t\t<form class=\"elementor-form\" method=\"post\" name=\"New Form\" aria-label=\"New Form\">\n\t\t\t<input type=\"hidden\" name=\"post_id\" value=\"1043\"\/>\n\t\t\t<input type=\"hidden\" name=\"form_id\" value=\"49c7420\"\/>\n\t\t\t<input type=\"hidden\" name=\"referer_title\" value=\"Proveedores - FA Foundry\" \/>\n\n\t\t\t\t\t\t\t<input type=\"hidden\" name=\"queried_id\" value=\"1043\"\/>\n\t\t\t\n\t\t\t<div class=\"elementor-form-fields-wrapper elementor-labels-above\">\n\t\t\t\t\t\t\t\t<div class=\"elementor-field-type-text elementor-field-group elementor-column elementor-field-group-name elementor-col-50 elementor-field-required elementor-mark-required\">\n\t\t\t\t\t\t\t\t\t\t\t\t<label for=\"form-field-name\" class=\"elementor-field-label\">\n\t\t\t\t\t\t\t\tNombre\t\t\t\t\t\t\t<\/label>\n\t\t\t\t\t\t\t\t\t\t\t\t\t\t<input size=\"1\" type=\"text\" name=\"form_fields[name]\" id=\"form-field-name\" class=\"elementor-field elementor-size-md  elementor-field-textual\" required=\"required\">\n\t\t\t\t\t\t\t\t\t\t\t<\/div>\n\t\t\t\t\t\t\t\t<div class=\"elementor-field-type-text elementor-field-group elementor-column elementor-field-group-field_850515a elementor-col-50 elementor-field-required elementor-mark-required\">\n\t\t\t\t\t\t\t\t\t\t\t\t<label for=\"form-field-field_850515a\" class=\"elementor-field-label\">\n\t\t\t\t\t\t\t\tApellido\t\t\t\t\t\t\t<\/label>\n\t\t\t\t\t\t\t\t\t\t\t\t\t\t<input size=\"1\" type=\"text\" name=\"form_fields[field_850515a]\" id=\"form-field-field_850515a\" class=\"elementor-field elementor-size-md  elementor-field-textual\" required=\"required\">\n\t\t\t\t\t\t\t\t\t\t\t<\/div>\n\t\t\t\t\t\t\t\t<div class=\"elementor-field-type-text elementor-field-group elementor-column elementor-field-group-email elementor-col-50 elementor-field-required elementor-mark-required\">\n\t\t\t\t\t\t\t\t\t\t\t\t<label for=\"form-field-email\" class=\"elementor-field-label\">\n\t\t\t\t\t\t\t\tTel\u00e9fono\t\t\t\t\t\t\t<\/label>\n\t\t\t\t\t\t\t\t\t\t\t\t\t\t<input size=\"1\" type=\"text\" name=\"form_fields[email]\" id=\"form-field-email\" class=\"elementor-field elementor-size-md  elementor-field-textual\" required=\"required\">\n\t\t\t\t\t\t\t\t\t\t\t<\/div>\n\t\t\t\t\t\t\t\t<div class=\"elementor-field-type-email elementor-field-group elementor-column elementor-field-group-field_1 elementor-col-50 elementor-field-required elementor-mark-required\">\n\t\t\t\t\t\t\t\t\t\t\t\t<label for=\"form-field-field_1\" class=\"elementor-field-label\">\n\t\t\t\t\t\t\t\tCorreo\t\t\t\t\t\t\t<\/label>\n\t\t\t\t\t\t\t\t\t\t\t\t\t\t<input size=\"1\" type=\"email\" name=\"form_fields[field_1]\" id=\"form-field-field_1\" class=\"elementor-field elementor-size-md  elementor-field-textual\" required=\"required\">\n\t\t\t\t\t\t\t\t\t\t\t<\/div>\n\t\t\t\t\t\t\t\t<div class=\"elementor-field-type-text elementor-field-group elementor-column elementor-field-group-field_fbf65ad elementor-col-50\">\n\t\t\t\t\t\t\t\t\t\t\t\t<label for=\"form-field-field_fbf65ad\" class=\"elementor-field-label\">\n\t\t\t\t\t\t\t\tEmpresa\t\t\t\t\t\t\t<\/label>\n\t\t\t\t\t\t\t\t\t\t\t\t\t\t<input size=\"1\" type=\"text\" name=\"form_fields[field_fbf65ad]\" id=\"form-field-field_fbf65ad\" class=\"elementor-field elementor-size-md  elementor-field-textual\">\n\t\t\t\t\t\t\t\t\t\t\t<\/div>\n\t\t\t\t\t\t\t\t<div class=\"elementor-field-type-text elementor-field-group elementor-column elementor-field-group-field_88b26be elementor-col-50\">\n\t\t\t\t\t\t\t\t\t\t\t\t<label for=\"form-field-field_88b26be\" class=\"elementor-field-label\">\n\t\t\t\t\t\t\t\tUbicaci\u00f3n de la Empresa\t\t\t\t\t\t\t<\/label>\n\t\t\t\t\t\t\t\t\t\t\t\t\t\t<input size=\"1\" type=\"text\" name=\"form_fields[field_88b26be]\" id=\"form-field-field_88b26be\" class=\"elementor-field elementor-size-md  elementor-field-textual\">\n\t\t\t\t\t\t\t\t\t\t\t<\/div>\n\t\t\t\t\t\t\t\t<div class=\"elementor-field-type-textarea elementor-field-group elementor-column elementor-field-group-field_b1dabd8 elementor-col-50\">\n\t\t\t\t\t\t\t\t\t\t\t\t<label for=\"form-field-field_b1dabd8\" class=\"elementor-field-label\">\n\t\t\t\t\t\t\t\tDescripci\u00f3n de la Empresa\t\t\t\t\t\t\t<\/label>\n\t\t\t\t\t\t<textarea class=\"elementor-field-textual elementor-field  elementor-size-md\" name=\"form_fields[field_b1dabd8]\" id=\"form-field-field_b1dabd8\" rows=\"4\"><\/textarea>\t\t\t\t<\/div>\n\t\t\t\t\t\t\t\t<div class=\"elementor-field-type-textarea elementor-field-group elementor-column elementor-field-group-message elementor-col-50\">\n\t\t\t\t\t\t\t\t\t\t\t\t<label for=\"form-field-message\" class=\"elementor-field-label\">\n\t\t\t\t\t\t\t\tMensaje\t\t\t\t\t\t\t<\/label>\n\t\t\t\t\t\t<textarea class=\"elementor-field-textual elementor-field  elementor-size-md\" name=\"form_fields[message]\" id=\"form-field-message\" rows=\"4\"><\/textarea>\t\t\t\t<\/div>\n\t\t\t\t\t\t\t\t<div class=\"elementor-field-type-upload elementor-field-group elementor-column elementor-field-group-field_1eb0892 elementor-col-100\">\n\t\t\t\t\t\t\t\t\t\t\t\t<label for=\"form-field-field_1eb0892\" class=\"elementor-field-label\">\n\t\t\t\t\t\t\t\tSi lo considera adjunte un archivo: CV, Presentaci\u00f3n o Folleto. (Tipo de archivos: .pdf, .doc, .docx, .jpg \/l\u00edmite 10mb)\t\t\t\t\t\t\t<\/label>\n\t\t\t\t\t\t\t\t<input type=\"file\" name=\"form_fields[field_1eb0892][]\" id=\"form-field-field_1eb0892\" class=\"elementor-field elementor-size-md  elementor-upload-field\" multiple=\"multiple\" data-maxsize=\"10\" data-maxsize-message=\"This file exceeds the maximum allowed size.\">\n\n\t\t\t\t\t\t<\/div>\n\t\t\t\t\t\t\t\t<div class=\"elementor-field-type-text\">\n\t\t\t\t\t<input size=\"1\" type=\"text\" name=\"form_fields[field_d1a414e]\" id=\"form-field-field_d1a414e\" class=\"elementor-field elementor-size-md \" style=\"display:none !important;\">\t\t\t\t<\/div>\n\t\t\t\t\t\t\t\t<div class=\"elementor-field-type-recaptcha elementor-field-group elementor-column elementor-field-group-field_b7a1325 elementor-col-100\">\n\t\t\t\t\t<div class=\"elementor-field\" id=\"form-field-field_b7a1325\"><div class=\"elementor-g-recaptcha\" data-sitekey=\"6Ldwkc0pAAAAAK76jKZOTWAVZzgLEKzmv516rRM8\" data-type=\"v2_checkbox\" data-theme=\"light\" data-size=\"normal\"><\/div><\/div>\t\t\t\t<\/div>\n\t\t\t\t\t\t\t\t<div class=\"elementor-field-group elementor-column elementor-field-type-submit elementor-col-100 e-form__buttons\">\n\t\t\t\t\t<button class=\"elementor-button elementor-size-sm elementor-animation-grow\" type=\"submit\">\n\t\t\t\t\t\t<span class=\"elementor-button-content-wrapper\">\n\t\t\t\t\t\t\t\t\t\t\t\t\t\t\t\t\t\t\t\t\t\t<span class=\"elementor-button-text\">Enviar<\/span>\n\t\t\t\t\t\t\t\t\t\t\t\t\t<\/span>\n\t\t\t\t\t<\/button>\n\t\t\t\t<\/div>\n\t\t\t<\/div>\n\t\t<\/form>\n\t\t\t\t\t\t<\/div>\n\t\t\t\t<\/div>\n\t\t\t\t\t<\/div>\n\t\t<\/div>\n\t\t\t\t\t<\/div>\n\t\t<\/section>\n\t\t\t\t<\/div>\n\t\t","protected":false},"excerpt":{"rendered":"<p>Registro de Proveedores En FA Foundry sabemos que nuestros proveedores son parte fundamental de la calidad de los productos\/servicios que ofrecemos a nuestros clientes. Por eso es importante contar con proveedores de excelencia. Por favor complete este formulario si su empresa est\u00e1 interesada en ser parte de nuestro patr\u00f3n de proveedores. Nos comunicaremos con usted [&hellip;]<\/p>\n","protected":false},"author":1,"featured_media":0,"parent":0,"menu_order":0,"comment_status":"closed","ping_status":"closed","template":"elementor_header_footer","meta":{"_joinchat":[],"footnotes":""},"class_list":["post-1043","page","type-page","status-publish","hentry"],"yoast_head":"<!-- This site is optimized with the Yoast SEO plugin v26.3 - https:\/\/yoast.com\/wordpress\/plugins\/seo\/ -->\n<title>Proveedores - FA Foundry<\/title>\n<meta name=\"robots\" content=\"index, follow, max-snippet:-1, max-image-preview:large, max-video-preview:-1\" \/>\n<link rel=\"canonical\" href=\"https:\/\/fafoundry.com\/es\/proveedores\/\" \/>\n<meta property=\"og:locale\" content=\"es_MX\" \/>\n<meta property=\"og:type\" content=\"article\" \/>\n<meta property=\"og:title\" content=\"Proveedores - FA Foundry\" \/>\n<meta property=\"og:description\" content=\"Registro de Proveedores En FA Foundry sabemos que nuestros proveedores son parte fundamental de la calidad de los productos\/servicios que ofrecemos a nuestros clientes. Por eso es importante contar con proveedores de excelencia. Por favor complete este formulario si su empresa est\u00e1 interesada en ser parte de nuestro patr\u00f3n de proveedores. Nos comunicaremos con usted [&hellip;]\" \/>\n<meta property=\"og:url\" content=\"https:\/\/fafoundry.com\/es\/proveedores\/\" \/>\n<meta property=\"og:site_name\" content=\"FA Foundry\" \/>\n<meta property=\"article:modified_time\" content=\"2026-01-07T00:04:45+00:00\" \/>\n<meta name=\"twitter:card\" content=\"summary_large_image\" \/>\n<meta name=\"twitter:label1\" content=\"Tiempo de lectura\" \/>\n\t<meta name=\"twitter:data1\" content=\"1 minuto\" \/>\n<script type=\"application\/ld+json\" class=\"yoast-schema-graph\">{\"@context\":\"https:\/\/schema.org\",\"@graph\":[{\"@type\":\"WebPage\",\"@id\":\"https:\/\/fafoundry.com\/proveedores\/\",\"url\":\"https:\/\/fafoundry.com\/proveedores\/\",\"name\":\"Proveedores - FA Foundry\",\"isPartOf\":{\"@id\":\"https:\/\/fafoundry.com\/#website\"},\"datePublished\":\"2022-02-22T16:45:56+00:00\",\"dateModified\":\"2026-01-07T00:04:45+00:00\",\"breadcrumb\":{\"@id\":\"https:\/\/fafoundry.com\/proveedores\/#breadcrumb\"},\"inLanguage\":\"es\",\"potentialAction\":[{\"@type\":\"ReadAction\",\"target\":[\"https:\/\/fafoundry.com\/proveedores\/\"]}]},{\"@type\":\"BreadcrumbList\",\"@id\":\"https:\/\/fafoundry.com\/proveedores\/#breadcrumb\",\"itemListElement\":[{\"@type\":\"ListItem\",\"position\":1,\"name\":\"Inicio\",\"item\":\"https:\/\/fafoundry.com\/\"},{\"@type\":\"ListItem\",\"position\":2,\"name\":\"Proveedores\"}]},{\"@type\":\"WebSite\",\"@id\":\"https:\/\/fafoundry.com\/#website\",\"url\":\"https:\/\/fafoundry.com\/\",\"name\":\"FA Foundry\",\"description\":\"Iron Foundry &amp; Machined Castings\",\"publisher\":{\"@id\":\"https:\/\/fafoundry.com\/#organization\"},\"potentialAction\":[{\"@type\":\"SearchAction\",\"target\":{\"@type\":\"EntryPoint\",\"urlTemplate\":\"https:\/\/fafoundry.com\/?s={search_term_string}\"},\"query-input\":{\"@type\":\"PropertyValueSpecification\",\"valueRequired\":true,\"valueName\":\"search_term_string\"}}],\"inLanguage\":\"es\"},{\"@type\":\"Organization\",\"@id\":\"https:\/\/fafoundry.com\/#organization\",\"name\":\"FA Foundry\",\"url\":\"https:\/\/fafoundry.com\/\",\"logo\":{\"@type\":\"ImageObject\",\"inLanguage\":\"es\",\"@id\":\"https:\/\/fafoundry.com\/#\/schema\/logo\/image\/\",\"url\":\"https:\/\/fafoundry.com\/wp-content\/uploads\/2024\/01\/Fafoundry-Logo-B-C-scaled.webp\",\"contentUrl\":\"https:\/\/fafoundry.com\/wp-content\/uploads\/2024\/01\/Fafoundry-Logo-B-C-scaled.webp\",\"width\":2560,\"height\":530,\"caption\":\"FA Foundry\"},\"image\":{\"@id\":\"https:\/\/fafoundry.com\/#\/schema\/logo\/image\/\"}}]}<\/script>\n<!-- \/ Yoast SEO plugin. -->","yoast_head_json":{"title":"Proveedores - FA Foundry","robots":{"index":"index","follow":"follow","max-snippet":"max-snippet:-1","max-image-preview":"max-image-preview:large","max-video-preview":"max-video-preview:-1"},"canonical":"https:\/\/fafoundry.com\/es\/proveedores\/","og_locale":"es_MX","og_type":"article","og_title":"Proveedores - FA Foundry","og_description":"Registro de Proveedores En FA Foundry sabemos que nuestros proveedores son parte fundamental de la calidad de los productos\/servicios que ofrecemos a nuestros clientes. Por eso es importante contar con proveedores de excelencia. Por favor complete este formulario si su empresa est\u00e1 interesada en ser parte de nuestro patr\u00f3n de proveedores. Nos comunicaremos con usted [&hellip;]","og_url":"https:\/\/fafoundry.com\/es\/proveedores\/","og_site_name":"FA Foundry","article_modified_time":"2026-01-07T00:04:45+00:00","twitter_card":"summary_large_image","twitter_misc":{"Tiempo de lectura":"1 minuto"},"schema":{"@context":"https:\/\/schema.org","@graph":[{"@type":"WebPage","@id":"https:\/\/fafoundry.com\/proveedores\/","url":"https:\/\/fafoundry.com\/proveedores\/","name":"Proveedores - FA Foundry","isPartOf":{"@id":"https:\/\/fafoundry.com\/#website"},"datePublished":"2022-02-22T16:45:56+00:00","dateModified":"2026-01-07T00:04:45+00:00","breadcrumb":{"@id":"https:\/\/fafoundry.com\/proveedores\/#breadcrumb"},"inLanguage":"es","potentialAction":[{"@type":"ReadAction","target":["https:\/\/fafoundry.com\/proveedores\/"]}]},{"@type":"BreadcrumbList","@id":"https:\/\/fafoundry.com\/proveedores\/#breadcrumb","itemListElement":[{"@type":"ListItem","position":1,"name":"Inicio","item":"https:\/\/fafoundry.com\/"},{"@type":"ListItem","position":2,"name":"Proveedores"}]},{"@type":"WebSite","@id":"https:\/\/fafoundry.com\/#website","url":"https:\/\/fafoundry.com\/","name":"FA Foundry","description":"Iron Foundry &amp; Machined Castings","publisher":{"@id":"https:\/\/fafoundry.com\/#organization"},"potentialAction":[{"@type":"SearchAction","target":{"@type":"EntryPoint","urlTemplate":"https:\/\/fafoundry.com\/?s={search_term_string}"},"query-input":{"@type":"PropertyValueSpecification","valueRequired":true,"valueName":"search_term_string"}}],"inLanguage":"es"},{"@type":"Organization","@id":"https:\/\/fafoundry.com\/#organization","name":"FA Foundry","url":"https:\/\/fafoundry.com\/","logo":{"@type":"ImageObject","inLanguage":"es","@id":"https:\/\/fafoundry.com\/#\/schema\/logo\/image\/","url":"https:\/\/fafoundry.com\/wp-content\/uploads\/2024\/01\/Fafoundry-Logo-B-C-scaled.webp","contentUrl":"https:\/\/fafoundry.com\/wp-content\/uploads\/2024\/01\/Fafoundry-Logo-B-C-scaled.webp","width":2560,"height":530,"caption":"FA Foundry"},"image":{"@id":"https:\/\/fafoundry.com\/#\/schema\/logo\/image\/"}}]}},"_links":{"self":[{"href":"https:\/\/fafoundry.com\/es\/wp-json\/wp\/v2\/pages\/1043","targetHints":{"allow":["GET"]}}],"collection":[{"href":"https:\/\/fafoundry.com\/es\/wp-json\/wp\/v2\/pages"}],"about":[{"href":"https:\/\/fafoundry.com\/es\/wp-json\/wp\/v2\/types\/page"}],"author":[{"embeddable":true,"href":"https:\/\/fafoundry.com\/es\/wp-json\/wp\/v2\/users\/1"}],"replies":[{"embeddable":true,"href":"https:\/\/fafoundry.com\/es\/wp-json\/wp\/v2\/comments?post=1043"}],"version-history":[{"count":118,"href":"https:\/\/fafoundry.com\/es\/wp-json\/wp\/v2\/pages\/1043\/revisions"}],"predecessor-version":[{"id":3367,"href":"https:\/\/fafoundry.com\/es\/wp-json\/wp\/v2\/pages\/1043\/revisions\/3367"}],"wp:attachment":[{"href":"https:\/\/fafoundry.com\/es\/wp-json\/wp\/v2\/media?parent=1043"}],"curies":[{"name":"wp","href":"https:\/\/api.w.org\/{rel}","templated":true}]}}